{"id":35508,"date":"2025-11-28T23:35:59","date_gmt":"2025-11-28T22:35:59","guid":{"rendered":"https:\/\/www.kupaliskodiakovce.sk\/ubytovanie-na-kupalisku\/sala-night-20-06-2026\/"},"modified":"2026-04-16T13:41:17","modified_gmt":"2026-04-16T11:41:17","slug":"sala-night-june-20-2026","status":"publish","type":"product","link":"https:\/\/www.kupaliskodiakovce.sk\/en\/accommodation-at-the-pool\/sala-night-june-20-2026\/","title":{"rendered":"\u0160A\u013dA NIGHT 20.06.2026"},"content":{"rendered":"","protected":false},"excerpt":{"rendered":"<p>\ud83d\udd25The second annual \u0160A\u013dA NIGHT music festival, which will take place on June 19 and 20, 2026, on the banks of the V\u00e1h River near Lesopark in \u0160a\u013ea \ud83d\udd25 <\/p>\n<p><strong>Performers 20.06.2026<\/strong><\/p>\n<ol>\n<li>KME\u0164O BAND<\/li>\n<li>REN\u00c9 RENDY AND CICO BAND<\/li>\n<li>J\u00c1N BENDIG<\/li>\n<li>DJ MAIREE<\/li>\n<li>DJ MILAN LIESKOVSK\u00dd<\/li>\n<\/ol>\n<p>\ud83d\udd25Gates open from 7:00 PM\ud83d\udd25<\/p>\n<p><strong>Your VIP ticket includes:<\/strong><\/p>\n<p>&#8211; Priority fast-track entry, no waiting in line<br \/>\n&#8211; Excellent view of the concert from an elevated VIP platform<br \/>\n&#8211; Catering: 1&nbsp;meal + non-alcoholic drink and coffee included with your ticket<br \/>\n&#8211; Welcome drink upon arrival<br \/>\n&#8211; Dedicated restrooms exclusively for VIP guests<br \/>\n&#8211; Separate VIP buffet with fast and convenient service<\/p>\n<p>Children up to 11.99 years (not yet 12) receive free entry when accompanied by one adult. Each additional child pays the full ticket price. A&nbsp;health insurance card or passport must be presented to claim free entry.  <\/p>\n","protected":false},"author":1,"featured_media":35509,"template":"","meta":[],"product_brand":[],"product_cat":[64],"product_tag":[],"class_list":{"0":"post-35508","1":"product","2":"type-product","3":"status-publish","4":"has-post-thumbnail","6":"product_cat-tickets","8":"first","9":"instock","10":"shipping-taxable","11":"purchasable","12":"product-type-variable"},"_links":{"self":[{"href":"https:\/\/www.kupaliskodiakovce.sk\/en\/wp-json\/wp\/v2\/product\/35508","targetHints":{"allow":["GET"]}}],"collection":[{"href":"https:\/\/www.kupaliskodiakovce.sk\/en\/wp-json\/wp\/v2\/product"}],"about":[{"href":"https:\/\/www.kupaliskodiakovce.sk\/en\/wp-json\/wp\/v2\/types\/product"}],"author":[{"embeddable":true,"href":"https:\/\/www.kupaliskodiakovce.sk\/en\/wp-json\/wp\/v2\/users\/1"}],"wp:featuredmedia":[{"embeddable":true,"href":"https:\/\/www.kupaliskodiakovce.sk\/en\/wp-json\/wp\/v2\/media\/35509"}],"wp:attachment":[{"href":"https:\/\/www.kupaliskodiakovce.sk\/en\/wp-json\/wp\/v2\/media?parent=35508"}],"wp:term":[{"taxonomy":"product_brand","embeddable":true,"href":"https:\/\/www.kupaliskodiakovce.sk\/en\/wp-json\/wp\/v2\/product_brand?post=35508"},{"taxonomy":"product_cat","embeddable":true,"href":"https:\/\/www.kupaliskodiakovce.sk\/en\/wp-json\/wp\/v2\/product_cat?post=35508"},{"taxonomy":"product_tag","embeddable":true,"href":"https:\/\/www.kupaliskodiakovce.sk\/en\/wp-json\/wp\/v2\/product_tag?post=35508"}],"curies":[{"name":"wp","href":"https:\/\/api.w.org\/{rel}","templated":true}]}}