{"id":35747,"date":"2026-02-18T17:45:53","date_gmt":"2026-02-18T16:45:53","guid":{"rendered":"https:\/\/www.kupaliskodiakovce.sk\/?page_id=35747"},"modified":"2026-02-18T20:58:25","modified_gmt":"2026-02-18T19:58:25","slug":"event-tickets","status":"publish","type":"page","link":"https:\/\/www.kupaliskodiakovce.sk\/en\/event-tickets\/","title":{"rendered":"Event tickets"},"content":{"rendered":"\t\t<div data-elementor-type=\"wp-page\" data-elementor-id=\"35747\" class=\"elementor elementor-35747 elementor-35746\" data-elementor-post-type=\"page\">\n\t\t\t\t<div class=\"wd-negative-gap elementor-element elementor-element-d1f81d2 e-flex e-con-boxed e-con e-parent\" data-id=\"d1f81d2\" data-element_type=\"container\" data-e-type=\"container\">\n\t\t\t\t\t<div class=\"e-con-inner\">\n\t\t\t\t<div class=\"elementor-element elementor-element-c6e4c59 wd-width-100 elementor-widget elementor-widget-wd_products\" data-id=\"c6e4c59\" data-element_type=\"widget\" data-e-type=\"widget\" data-widget_type=\"wd_products.default\">\n\t\t\t\t<div class=\"elementor-widget-container\">\n\t\t\t\t\t\t\t\t\t\t<div class=\"wd-products-element\">\n\n\t\t\t\n\t\t\t\n\t\t\t\n\t\t\t\n\t\t\t<div class=\"products wd-products grid-columns-4 elements-grid wd-grid-g wd-stretch-cont-lg\" data-paged=\"1\" data-atts=\"{&quot;speed&quot;:null,&quot;slides_per_view&quot;:null,&quot;wrap&quot;:null,&quot;autoplay&quot;:null,&quot;autoheight&quot;:null,&quot;hide_pagination_control&quot;:null,&quot;dynamic_pagination_control&quot;:null,&quot;hide_prev_next_buttons&quot;:null,&quot;carousel_arrows_position&quot;:null,&quot;hide_scrollbar&quot;:null,&quot;scroll_per_page&quot;:null,&quot;center_mode&quot;:null,&quot;post_type&quot;:&quot;ids&quot;,&quot;spacing&quot;:&quot;&quot;,&quot;carousel_sync&quot;:null,&quot;sync_parent_id&quot;:null,&quot;sync_child_id&quot;:null,&quot;scroll_carousel_init&quot;:null,&quot;disable_overflow_carousel&quot;:null,&quot;include&quot;:[&quot;34129&quot;,&quot;32846&quot;,&quot;31734&quot;,&quot;32253&quot;],&quot;taxonomies&quot;:null,&quot;offset&quot;:null,&quot;order&quot;:null,&quot;meta_key&quot;:null,&quot;exclude&quot;:null,&quot;shop_tools&quot;:null,&quot;ajax_recently_viewed&quot;:null,&quot;pagination_arrows_position&quot;:null,&quot;columns&quot;:{&quot;unit&quot;:&quot;px&quot;,&quot;size&quot;:4,&quot;sizes&quot;:[]},&quot;products_masonry&quot;:&quot;&quot;,&quot;products_different_sizes&quot;:&quot;&quot;,&quot;product_quantity&quot;:&quot;&quot;,&quot;sale_countdown&quot;:&quot;0&quot;,&quot;stretch_product&quot;:null,&quot;stock_progress_bar&quot;:&quot;0&quot;,&quot;highlighted_products&quot;:&quot;0&quot;,&quot;products_divider&quot;:null,&quot;products_bordered_grid&quot;:&quot;0&quot;,&quot;products_bordered_grid_style&quot;:null,&quot;products_with_background&quot;:&quot;0&quot;,&quot;products_shadow&quot;:&quot;0&quot;,&quot;img_size&quot;:&quot;large&quot;,&quot;img_size_custom&quot;:null,&quot;grid_gallery_control&quot;:null,&quot;grid_gallery_enable_arrows&quot;:null,&quot;elementor&quot;:true,&quot;force_not_ajax&quot;:&quot;no&quot;}\" data-source=\"shortcode\" data-columns=\"4\" data-grid-gallery=\"\" style=\"--wd-col-lg:4;--wd-col-md:4;--wd-col-sm:2;--wd-gap-lg:20px;--wd-gap-sm:10px;\">\n\t\t\n\t\t\t\t\t\t\t\t<div class=\"wd-product wd-hover-base wd-hover-with-fade wd-col product-grid-item product product-no-swatches type-product post-35493 status-publish instock product_cat-tickets has-post-thumbnail shipping-taxable purchasable product-type-variable\" data-loop=\"1\" data-id=\"35493\">\n\t\n\t\n<div class=\"product-wrapper\">\n\t<div class=\"content-product-imagin\"><\/div>\n\t<div class=\"product-element-top wd-quick-shop\">\n\t\t<a href=\"https:\/\/www.kupaliskodiakovce.sk\/en\/accommodation-at-the-pool\/ava-night-july-24-2026\/\" class=\"product-image-link\" tabindex=\"-1\" aria-label=\"AVA NIGHT July 24, 2026\">\n\t\t\t<img loading=\"lazy\" decoding=\"async\" width=\"819\" height=\"1024\" src=\"https:\/\/www.kupaliskodiakovce.sk\/wp-content\/uploads\/2026\/01\/ava-temp-24-scaled-1-819x1024.jpg\" class=\"attachment-large size-large\" alt=\"\" srcset=\"https:\/\/www.kupaliskodiakovce.sk\/wp-content\/uploads\/2026\/01\/ava-temp-24-scaled-1-819x1024.jpg 819w, https:\/\/www.kupaliskodiakovce.sk\/wp-content\/uploads\/2026\/01\/ava-temp-24-scaled-1-240x300.jpg 240w, https:\/\/www.kupaliskodiakovce.sk\/wp-content\/uploads\/2026\/01\/ava-temp-24-scaled-1-768x960.jpg 768w, https:\/\/www.kupaliskodiakovce.sk\/wp-content\/uploads\/2026\/01\/ava-temp-24-scaled-1-1229x1536.jpg 1229w, https:\/\/www.kupaliskodiakovce.sk\/wp-content\/uploads\/2026\/01\/ava-temp-24-scaled-1-600x750.jpg 600w, https:\/\/www.kupaliskodiakovce.sk\/wp-content\/uploads\/2026\/01\/ava-temp-24-scaled-1-150x188.jpg 150w, https:\/\/www.kupaliskodiakovce.sk\/wp-content\/uploads\/2026\/01\/ava-temp-24-scaled-1-350x438.jpg 350w, https:\/\/www.kupaliskodiakovce.sk\/wp-content\/uploads\/2026\/01\/ava-temp-24-scaled-1.jpg 1604w\" sizes=\"auto, (max-width: 819px) 100vw, 819px\" \/>\t\t<\/a>\n\n\t\t\n\t\t<div class=\"wrapp-swatches\"><\/div>\n\t<\/div>\n\n\t<div class=\"product-element-bottom product-information\">\n\t\t<h3 class=\"wd-entities-title\"><a href=\"https:\/\/www.kupaliskodiakovce.sk\/en\/accommodation-at-the-pool\/ava-night-july-24-2026\/\">AVA NIGHT July 24, 2026<\/a><\/h3>\t\t\t\t<div class=\"product-rating-price\">\n\t\t\t<div class=\"wrapp-product-price\">\n\t\t\t\t\n\t<span class=\"price\"><span class=\"woocommerce-Price-amount amount\" aria-hidden=\"true\"><bdi>20,00&nbsp;<span class=\"woocommerce-Price-currencySymbol\">&euro;<\/span><\/bdi><\/span> <span aria-hidden=\"true\">&ndash;<\/span> <span class=\"woocommerce-Price-amount amount\" aria-hidden=\"true\"><bdi>100,00&nbsp;<span class=\"woocommerce-Price-currencySymbol\">&euro;<\/span><\/bdi><\/span><span class=\"screen-reader-text\">Price range: 20,00&nbsp;&euro; through 100,00&nbsp;&euro;<\/span><\/span>\n\t\t\t\t\t\t\t<\/div>\n\t\t<\/div>\n\t\t\t\t<div class=\"fade-in-block wd-scroll\">\n\t\t\t<div class=\"hover-content wd-more-desc\">\n\t\t\t\t<div class=\"hover-content-inner wd-more-desc-inner\">\n\t\t\t\t\t\ud83d\udd25 The spectacular AVA Night is back for its fourth edition! \ud83d\udd25<br data-start=\"100\" data-end=\"103\">On 24. \u2013 On July 25, 2026, the camping area of AVA Thermalpark in Diakovce will once again turn into one of the hottest summer party hubs. \ud83d\udd25\ud83c\udfb6\n\n\ud83c\udfa4 Lineup for July 24th 7. 2026\n<ol>\n \t<li>MINELLI<\/li>\n \t<li>MATTN<\/li>\n \t<li>ALAN MURIN<\/li>\n \t<li>PIL C<\/li>\n \t<li>MISTA &amp; T3NSHI<\/li>\n \t<li>DJ PETER HURAJT<\/li>\n \t<li>Host: RAS\u0164O ORTH<\/li>\n<\/ol>\n<p data-start=\"30\" data-end=\"58\">\ud83d\udd55 Gates open: 6:00 PM<\/p>\n<p data-start=\"60\" data-end=\"84\"><strong data-start=\"60\" data-end=\"84\">Your VIP ticket includes:<\/strong><\/p>\n<p data-start=\"87\" data-end=\"132\">- Priority fast-track entry, no waiting in line\n- Excellent view of the concert from an elevated VIP platform\n- Catering: 1&nbsp;meal + non-alcoholic drink and coffee included with your ticket\n- Welcome drink upon arrival\n- Dedicated restrooms exclusively for VIP guests\n- Separate VIP buffet with fast and convenient service<\/p>\nChildren up to 9.99 years old (i.e., who have not yet reached their 10th birthday) can enter the event for free when accompanied by one adult. For each additional child, a&nbsp;full-price ticket must be purchased. Eligibility for free entry must be proven with the child's health insurance card or passport.  \t\t\t\t<\/div>\n\t\t\t\t<a href=\"#\" rel=\"nofollow\" class=\"wd-more-desc-btn\" aria-label=\"Read more description\"><\/a>\n\t\t\t<\/div>\n\t\t\t<div class=\" wd-bottom-actions\">\n\t\t\t\t<div class=\"wrap-wishlist-button\"><\/div>\n\t\t\t\t<div class=\"wd-add-btn wd-add-btn-replace\">\n\t\t\t\t\t<a href=\"https:\/\/www.kupaliskodiakovce.sk\/en\/accommodation-at-the-pool\/ava-night-july-24-2026\/\" aria-describedby=\"woocommerce_loop_add_to_cart_link_describedby_35493\" data-quantity=\"1\" class=\"button product_type_variable add_to_cart_button add-to-cart-loop\" data-product_id=\"35493\" data-product_sku=\"\" aria-label=\"Select options for &ldquo;AVA NIGHT July 24, 2026&rdquo;\" rel=\"nofollow\"><span>Select options<\/span><\/a>\t<span id=\"woocommerce_loop_add_to_cart_link_describedby_35493\" class=\"screen-reader-text\">\n\t\tThis product has multiple variants. The options may be chosen on the product page\t<\/span>\n\t\t\t\t\t\t\t\t\t\t\t\t\t\t\t\t\t\t\t\t<\/div>\n\t\t\t\t<div class=\"wrap-quickview-button\"><\/div>\n\t\t\t<\/div>\n\n\t\t\t\t\t\t\n\t\t\t\t\t<\/div>\n\t<\/div>\n<\/div>\n<\/div>\n\t\t\t\t\t\t\t\t<div class=\"wd-product wd-hover-base wd-hover-with-fade wd-col product-grid-item product product-no-swatches type-product post-35502 status-publish instock product_cat-tickets has-post-thumbnail shipping-taxable purchasable product-type-variable\" data-loop=\"2\" data-id=\"35502\">\n\t\n\t\n<div class=\"product-wrapper\">\n\t<div class=\"content-product-imagin\"><\/div>\n\t<div class=\"product-element-top wd-quick-shop\">\n\t\t<a href=\"https:\/\/www.kupaliskodiakovce.sk\/en\/accommodation-at-the-pool\/ava-night-july-25-2026\/\" class=\"product-image-link\" tabindex=\"-1\" aria-label=\"AVA NIGHT July 25, 2026\">\n\t\t\t<img loading=\"lazy\" decoding=\"async\" width=\"819\" height=\"1024\" src=\"https:\/\/www.kupaliskodiakovce.sk\/wp-content\/uploads\/2025\/12\/avanight_250725_v2-819x1024.jpg\" class=\"attachment-large size-large\" alt=\"AVA NIGHT July 25, 2025\" srcset=\"https:\/\/www.kupaliskodiakovce.sk\/wp-content\/uploads\/2025\/12\/avanight_250725_v2-819x1024.jpg 819w, https:\/\/www.kupaliskodiakovce.sk\/wp-content\/uploads\/2025\/12\/avanight_250725_v2-240x300.jpg 240w, https:\/\/www.kupaliskodiakovce.sk\/wp-content\/uploads\/2025\/12\/avanight_250725_v2-768x960.jpg 768w, https:\/\/www.kupaliskodiakovce.sk\/wp-content\/uploads\/2025\/12\/avanight_250725_v2-1229x1536.jpg 1229w, https:\/\/www.kupaliskodiakovce.sk\/wp-content\/uploads\/2025\/12\/avanight_250725_v2-600x750.jpg 600w, https:\/\/www.kupaliskodiakovce.sk\/wp-content\/uploads\/2025\/12\/avanight_250725_v2-150x188.jpg 150w, https:\/\/www.kupaliskodiakovce.sk\/wp-content\/uploads\/2025\/12\/avanight_250725_v2-350x438.jpg 350w, https:\/\/www.kupaliskodiakovce.sk\/wp-content\/uploads\/2025\/12\/avanight_250725_v2.jpg 1604w\" sizes=\"auto, (max-width: 819px) 100vw, 819px\" \/>\t\t<\/a>\n\n\t\t\n\t\t<div class=\"wrapp-swatches\"><\/div>\n\t<\/div>\n\n\t<div class=\"product-element-bottom product-information\">\n\t\t<h3 class=\"wd-entities-title\"><a href=\"https:\/\/www.kupaliskodiakovce.sk\/en\/accommodation-at-the-pool\/ava-night-july-25-2026\/\">AVA NIGHT July 25, 2026<\/a><\/h3>\t\t\t\t<div class=\"product-rating-price\">\n\t\t\t<div class=\"wrapp-product-price\">\n\t\t\t\t\n\t<span class=\"price\"><span class=\"woocommerce-Price-amount amount\" aria-hidden=\"true\"><bdi>50,00&nbsp;<span class=\"woocommerce-Price-currencySymbol\">&euro;<\/span><\/bdi><\/span> <span aria-hidden=\"true\">&ndash;<\/span> <span class=\"woocommerce-Price-amount amount\" aria-hidden=\"true\"><bdi>150,00&nbsp;<span class=\"woocommerce-Price-currencySymbol\">&euro;<\/span><\/bdi><\/span><span class=\"screen-reader-text\">Price range: 50,00&nbsp;&euro; through 150,00&nbsp;&euro;<\/span><\/span>\n\t\t\t\t\t\t\t<\/div>\n\t\t<\/div>\n\t\t\t\t<div class=\"fade-in-block wd-scroll\">\n\t\t\t<div class=\"hover-content wd-more-desc\">\n\t\t\t\t<div class=\"hover-content-inner wd-more-desc-inner\">\n\t\t\t\t\t<strong>\ud83d\udd25<\/strong><strong> The grand AVA Night event is being held for the fourth time! <\/strong><strong>\ud83d\udd25\n<\/strong><strong>2026. On July 24-25, the camping area of AVA Thermalpark Diakovce will once again become one of the hottest party centers of the summer.<\/strong> <strong>\ud83d\udd25\ud83c\udfb6<\/strong>\n\n\ud83c\udfa4Performers July 25, 2026\n<ol>\n \t<li>AZAHRIAH<\/li>\n \t<li>LOTFI BEGI &amp; FRIENDS<\/li>\n \t<li>K-OSZ DISCO<\/li>\n \t<li>DJ KOPI<\/li>\n \t<li>JAZZ&amp;FR\u00d6CCS<\/li>\n<\/ol>\n\ud83d\udd55Doors Open 6:00 PM\n\n<strong>VIP ticket includes:\n<\/strong>- Fast-track entry\n- Excellent view of the concert from a&nbsp;raised VIP platform\n- Catering: 1&nbsp;meal, with a&nbsp;choice of soft drink and coffee included in the ticket price\n- Welcome drink upon arrival\n- Separate restrooms reserved exclusively for VIP guests\n- Separate VIP buffet with fast and convenient service\n\nChildren under 10 years old (not yet having reached their 10th birthday) can enter the event for free when accompanied by an adult. For every additional child, the full ticket price must be paid. To qualify for free entry, the child must be identified with an insurance card or passport.  \t\t\t\t<\/div>\n\t\t\t\t<a href=\"#\" rel=\"nofollow\" class=\"wd-more-desc-btn\" aria-label=\"Read more description\"><\/a>\n\t\t\t<\/div>\n\t\t\t<div class=\" wd-bottom-actions\">\n\t\t\t\t<div class=\"wrap-wishlist-button\"><\/div>\n\t\t\t\t<div class=\"wd-add-btn wd-add-btn-replace\">\n\t\t\t\t\t<a href=\"https:\/\/www.kupaliskodiakovce.sk\/en\/accommodation-at-the-pool\/ava-night-july-25-2026\/\" aria-describedby=\"woocommerce_loop_add_to_cart_link_describedby_35502\" data-quantity=\"1\" class=\"button product_type_variable add_to_cart_button add-to-cart-loop\" data-product_id=\"35502\" data-product_sku=\"\" aria-label=\"Select options for &ldquo;AVA NIGHT July 25, 2026&rdquo;\" rel=\"nofollow\"><span>Select options<\/span><\/a>\t<span id=\"woocommerce_loop_add_to_cart_link_describedby_35502\" class=\"screen-reader-text\">\n\t\tThis product has multiple variants. The options may be chosen on the product page\t<\/span>\n\t\t\t\t\t\t\t\t\t\t\t\t\t\t\t\t\t\t\t\t<\/div>\n\t\t\t\t<div class=\"wrap-quickview-button\"><\/div>\n\t\t\t<\/div>\n\n\t\t\t\t\t\t\n\t\t\t\t\t<\/div>\n\t<\/div>\n<\/div>\n<\/div>\n\t\t\t\t\t\t\t\t<div class=\"wd-product wd-hover-base wd-hover-with-fade wd-col product-grid-item product product-no-swatches type-product post-35562 status-publish last instock product_cat-tickets has-post-thumbnail shipping-taxable purchasable product-type-variable\" data-loop=\"3\" data-id=\"35562\">\n\t\n\t\n<div class=\"product-wrapper\">\n\t<div class=\"content-product-imagin\"><\/div>\n\t<div class=\"product-element-top wd-quick-shop\">\n\t\t<a href=\"https:\/\/www.kupaliskodiakovce.sk\/en\/accommodation-at-the-pool\/sala-night-june-19-2026\/\" class=\"product-image-link\" tabindex=\"-1\" aria-label=\"\u0160A\u013dA NIGHT 06\/19\/2026\">\n\t\t\t<img loading=\"lazy\" decoding=\"async\" width=\"820\" height=\"1024\" src=\"https:\/\/www.kupaliskodiakovce.sk\/wp-content\/uploads\/2025\/11\/sala-night-19-06-2026_v2-820x1024.png\" class=\"attachment-large size-large\" alt=\"\u0160a\u013ea Night 06\/19\/2026\" srcset=\"https:\/\/www.kupaliskodiakovce.sk\/wp-content\/uploads\/2025\/11\/sala-night-19-06-2026_v2-820x1024.png 820w, https:\/\/www.kupaliskodiakovce.sk\/wp-content\/uploads\/2025\/11\/sala-night-19-06-2026_v2-240x300.png 240w, https:\/\/www.kupaliskodiakovce.sk\/wp-content\/uploads\/2025\/11\/sala-night-19-06-2026_v2-768x959.png 768w, https:\/\/www.kupaliskodiakovce.sk\/wp-content\/uploads\/2025\/11\/sala-night-19-06-2026_v2-1230x1536.png 1230w, https:\/\/www.kupaliskodiakovce.sk\/wp-content\/uploads\/2025\/11\/sala-night-19-06-2026_v2-600x750.png 600w, https:\/\/www.kupaliskodiakovce.sk\/wp-content\/uploads\/2025\/11\/sala-night-19-06-2026_v2-150x187.png 150w, https:\/\/www.kupaliskodiakovce.sk\/wp-content\/uploads\/2025\/11\/sala-night-19-06-2026_v2-350x437.png 350w, https:\/\/www.kupaliskodiakovce.sk\/wp-content\/uploads\/2025\/11\/sala-night-19-06-2026_v2.png 1605w\" sizes=\"auto, (max-width: 820px) 100vw, 820px\" \/>\t\t<\/a>\n\n\t\t\n\t\t<div class=\"wrapp-swatches\"><\/div>\n\t<\/div>\n\n\t<div class=\"product-element-bottom product-information\">\n\t\t<h3 class=\"wd-entities-title\"><a href=\"https:\/\/www.kupaliskodiakovce.sk\/en\/accommodation-at-the-pool\/sala-night-june-19-2026\/\">\u0160A\u013dA NIGHT 06\/19\/2026<\/a><\/h3>\t\t\t\t<div class=\"product-rating-price\">\n\t\t\t<div class=\"wrapp-product-price\">\n\t\t\t\t\n\t<span class=\"price\"><span class=\"woocommerce-Price-amount amount\" aria-hidden=\"true\"><bdi>15,00&nbsp;<span class=\"woocommerce-Price-currencySymbol\">&euro;<\/span><\/bdi><\/span> <span aria-hidden=\"true\">&ndash;<\/span> <span class=\"woocommerce-Price-amount amount\" aria-hidden=\"true\"><bdi>100,00&nbsp;<span class=\"woocommerce-Price-currencySymbol\">&euro;<\/span><\/bdi><\/span><span class=\"screen-reader-text\">Price range: 15,00&nbsp;&euro; through 100,00&nbsp;&euro;<\/span><\/span>\n\t\t\t\t\t\t\t<\/div>\n\t\t<\/div>\n\t\t\t\t<div class=\"fade-in-block wd-scroll\">\n\t\t\t<div class=\"hover-content wd-more-desc\">\n\t\t\t\t<div class=\"hover-content-inner wd-more-desc-inner\">\n\t\t\t\t\t\ud83d\udd25The second annual \u0160A\u013dA NIGHT music festival, which will take place on June 19 and 20, 2026, on the banks of the V\u00e1h River near Lesopark in \u0160a\u013ea \ud83d\udd25 \n\n<strong>Performers on June 19, 2026<\/strong>\n<ol>\n \t<li>YAEL<\/li>\n \t<li>MAJK SPIRIT<\/li>\n \t<li>ERIK TRESOR<\/li>\n \t<li>LUCA BRASSI 10X<\/li>\n \t<li>DJ MILAN LIESKOVSK\u00dd<\/li>\n \t<li>MENTOR<\/li>\n<\/ol>\n\ud83d\udd25Gates open from 7:00 PM\ud83d\udd25\n\n<strong>Your VIP ticket includes:<\/strong>\n\n- Priority fast-track entry, no waiting in line\n- Excellent view of the concert from an elevated VIP platform\n- Catering: 1&nbsp;meal + non-alcoholic drink and coffee included with your ticket\n- Welcome drink upon arrival\n- Dedicated restrooms exclusively for VIP guests\n- Separate VIP buffet with fast and convenient service\n\nChildren up to 11.99 years (not yet 12) receive free entry when accompanied by one adult. Each additional child pays the full ticket price. A&nbsp;health insurance card or passport must be presented to claim free entry.  \t\t\t\t<\/div>\n\t\t\t\t<a href=\"#\" rel=\"nofollow\" class=\"wd-more-desc-btn\" aria-label=\"Read more description\"><\/a>\n\t\t\t<\/div>\n\t\t\t<div class=\" wd-bottom-actions\">\n\t\t\t\t<div class=\"wrap-wishlist-button\"><\/div>\n\t\t\t\t<div class=\"wd-add-btn wd-add-btn-replace\">\n\t\t\t\t\t<a href=\"https:\/\/www.kupaliskodiakovce.sk\/en\/accommodation-at-the-pool\/sala-night-june-19-2026\/\" aria-describedby=\"woocommerce_loop_add_to_cart_link_describedby_35562\" data-quantity=\"1\" class=\"button product_type_variable add_to_cart_button add-to-cart-loop\" data-product_id=\"35562\" data-product_sku=\"\" aria-label=\"Select options for &ldquo;\u0160A\u013dA NIGHT 06\/19\/2026&rdquo;\" rel=\"nofollow\"><span>Select options<\/span><\/a>\t<span id=\"woocommerce_loop_add_to_cart_link_describedby_35562\" class=\"screen-reader-text\">\n\t\tThis product has multiple variants. The options may be chosen on the product page\t<\/span>\n\t\t\t\t\t\t\t\t\t\t\t\t\t\t\t\t\t\t\t\t<\/div>\n\t\t\t\t<div class=\"wrap-quickview-button\"><\/div>\n\t\t\t<\/div>\n\n\t\t\t\t\t\t\n\t\t\t\t\t<\/div>\n\t<\/div>\n<\/div>\n<\/div>\n\t\t\t\t\t\t\t\t<div class=\"wd-product wd-hover-base wd-hover-with-fade wd-col product-grid-item product product-no-swatches type-product post-35508 status-publish first instock product_cat-tickets has-post-thumbnail shipping-taxable purchasable product-type-variable\" data-loop=\"4\" data-id=\"35508\">\n\t\n\t\n<div class=\"product-wrapper\">\n\t<div class=\"content-product-imagin\"><\/div>\n\t<div class=\"product-element-top wd-quick-shop\">\n\t\t<a href=\"https:\/\/www.kupaliskodiakovce.sk\/en\/accommodation-at-the-pool\/sala-night-june-20-2026\/\" class=\"product-image-link\" tabindex=\"-1\" aria-label=\"\u0160A\u013dA NIGHT June 20, 2026\">\n\t\t\t<img loading=\"lazy\" decoding=\"async\" width=\"820\" height=\"1024\" src=\"https:\/\/www.kupaliskodiakovce.sk\/wp-content\/uploads\/2025\/11\/sala-night-20-06-2026_v2-820x1024.png\" class=\"attachment-large size-large\" alt=\"\u0160a\u013ea Night 20.06.2026\" srcset=\"https:\/\/www.kupaliskodiakovce.sk\/wp-content\/uploads\/2025\/11\/sala-night-20-06-2026_v2-820x1024.png 820w, https:\/\/www.kupaliskodiakovce.sk\/wp-content\/uploads\/2025\/11\/sala-night-20-06-2026_v2-240x300.png 240w, https:\/\/www.kupaliskodiakovce.sk\/wp-content\/uploads\/2025\/11\/sala-night-20-06-2026_v2-768x959.png 768w, https:\/\/www.kupaliskodiakovce.sk\/wp-content\/uploads\/2025\/11\/sala-night-20-06-2026_v2-1230x1536.png 1230w, https:\/\/www.kupaliskodiakovce.sk\/wp-content\/uploads\/2025\/11\/sala-night-20-06-2026_v2-600x750.png 600w, https:\/\/www.kupaliskodiakovce.sk\/wp-content\/uploads\/2025\/11\/sala-night-20-06-2026_v2-150x187.png 150w, https:\/\/www.kupaliskodiakovce.sk\/wp-content\/uploads\/2025\/11\/sala-night-20-06-2026_v2-350x437.png 350w, https:\/\/www.kupaliskodiakovce.sk\/wp-content\/uploads\/2025\/11\/sala-night-20-06-2026_v2.png 1605w\" sizes=\"auto, (max-width: 820px) 100vw, 820px\" \/>\t\t<\/a>\n\n\t\t\n\t\t<div class=\"wrapp-swatches\"><\/div>\n\t<\/div>\n\n\t<div class=\"product-element-bottom product-information\">\n\t\t<h3 class=\"wd-entities-title\"><a href=\"https:\/\/www.kupaliskodiakovce.sk\/en\/accommodation-at-the-pool\/sala-night-june-20-2026\/\">\u0160A\u013dA NIGHT June 20, 2026<\/a><\/h3>\t\t\t\t<div class=\"product-rating-price\">\n\t\t\t<div class=\"wrapp-product-price\">\n\t\t\t\t\n\t<span class=\"price\"><span class=\"woocommerce-Price-amount amount\" aria-hidden=\"true\"><bdi>15,00&nbsp;<span class=\"woocommerce-Price-currencySymbol\">&euro;<\/span><\/bdi><\/span> <span aria-hidden=\"true\">&ndash;<\/span> <span class=\"woocommerce-Price-amount amount\" aria-hidden=\"true\"><bdi>100,00&nbsp;<span class=\"woocommerce-Price-currencySymbol\">&euro;<\/span><\/bdi><\/span><span class=\"screen-reader-text\">Price range: 15,00&nbsp;&euro; through 100,00&nbsp;&euro;<\/span><\/span>\n\t\t\t\t\t\t\t<\/div>\n\t\t<\/div>\n\t\t\t\t<div class=\"fade-in-block wd-scroll\">\n\t\t\t<div class=\"hover-content wd-more-desc\">\n\t\t\t\t<div class=\"hover-content-inner wd-more-desc-inner\">\n\t\t\t\t\t\ud83d\udd25The second annual \u0160A\u013dA NIGHT music festival, which will take place on June 19 and 20, 2026, on the banks of the V\u00e1h River near Lesopark in \u0160a\u013ea \ud83d\udd25\r\n\r\n<strong>Performers 20.06.2026<\/strong>\r\n<ol>\r\n \t<li>KME\u0164O BAND<\/li>\r\n \t<li>REN\u00c9 RENDY AND CICO BAND<\/li>\r\n \t<li>J\u00c1N BENDIG<\/li>\r\n \t<li>DJ MAIREE<\/li>\r\n \t<li>DJ MILAN LIESKOVSK\u00dd<\/li>\r\n<\/ol>\r\n\ud83d\udd25Gates open from 7:00 PM\ud83d\udd25\r\n\r\n<strong>Your VIP ticket includes:<\/strong>\r\n\r\n- Priority fast-track entry, no waiting in line\r\n- Excellent view of the concert from an elevated VIP platform\r\n- Catering: 1&nbsp;meal + non-alcoholic drink and coffee included with your ticket\r\n- Welcome drink upon arrival\r\n- Dedicated restrooms exclusively for VIP guests\r\n- Separate VIP buffet with fast and convenient service\r\n\r\nChildren up to 11.99 years (not yet 12) receive free entry when accompanied by one adult. Each additional child pays the full ticket price. A&nbsp;health insurance card or passport must be presented to claim free entry.\t\t\t\t<\/div>\n\t\t\t\t<a href=\"#\" rel=\"nofollow\" class=\"wd-more-desc-btn\" aria-label=\"Read more description\"><\/a>\n\t\t\t<\/div>\n\t\t\t<div class=\" wd-bottom-actions\">\n\t\t\t\t<div class=\"wrap-wishlist-button\"><\/div>\n\t\t\t\t<div class=\"wd-add-btn wd-add-btn-replace\">\n\t\t\t\t\t<a href=\"https:\/\/www.kupaliskodiakovce.sk\/en\/accommodation-at-the-pool\/sala-night-june-20-2026\/\" aria-describedby=\"woocommerce_loop_add_to_cart_link_describedby_35508\" data-quantity=\"1\" class=\"button product_type_variable add_to_cart_button add-to-cart-loop\" data-product_id=\"35508\" data-product_sku=\"\" aria-label=\"Select options for &ldquo;\u0160A\u013dA NIGHT June 20, 2026&rdquo;\" rel=\"nofollow\"><span>Select options<\/span><\/a>\t<span id=\"woocommerce_loop_add_to_cart_link_describedby_35508\" class=\"screen-reader-text\">\n\t\tThis product has multiple variants. The options may be chosen on the product page\t<\/span>\n\t\t\t\t\t\t\t\t\t\t\t\t\t\t\t\t\t\t\t\t<\/div>\n\t\t\t\t<div class=\"wrap-quickview-button\"><\/div>\n\t\t\t<\/div>\n\n\t\t\t\t\t\t\n\t\t\t\t\t<\/div>\n\t<\/div>\n<\/div>\n<\/div>\n\t\t\n\t\t\t\t<\/div>\n\t\n\t\t\n\t\t\n\t\t\t\t\t<\/div>\n\t\t\n\t\t\t\t\t\t<\/div>\n\t\t\t\t<\/div>\n\t\t\t\t\t<\/div>\n\t\t\t\t<\/div>\n\t\t\t\t<\/div>\n\t\t","protected":false},"excerpt":{"rendered":"<p>AVA NIGHT 24.07.2026 20,00&nbsp;&euro; \u2013 100,00&nbsp;&euro;Cenov\u00e9 rozp\u00e4tie: od&nbsp;20,00&nbsp;&euro; do&nbsp;100,00&nbsp;&euro; \ud83d\udd25 Ve\u013ekolep\u00e9 podujatie AVA Night sa uskuto\u010dn\u00ed u\u017e po&nbsp;\u0161tvrt\u00fdkr\u00e1t! \ud83d\udd25D\u0148a 24.<\/p>\n","protected":false},"author":1,"featured_media":0,"parent":0,"menu_order":0,"comment_status":"closed","ping_status":"closed","template":"","meta":{"footnotes":""},"class_list":["post-35747","page","type-page","status-publish","hentry"],"_links":{"self":[{"href":"https:\/\/www.kupaliskodiakovce.sk\/en\/wp-json\/wp\/v2\/pages\/35747","targetHints":{"allow":["GET"]}}],"collection":[{"href":"https:\/\/www.kupaliskodiakovce.sk\/en\/wp-json\/wp\/v2\/pages"}],"about":[{"href":"https:\/\/www.kupaliskodiakovce.sk\/en\/wp-json\/wp\/v2\/types\/page"}],"author":[{"embeddable":true,"href":"https:\/\/www.kupaliskodiakovce.sk\/en\/wp-json\/wp\/v2\/users\/1"}],"replies":[{"embeddable":true,"href":"https:\/\/www.kupaliskodiakovce.sk\/en\/wp-json\/wp\/v2\/comments?post=35747"}],"version-history":[{"count":3,"href":"https:\/\/www.kupaliskodiakovce.sk\/en\/wp-json\/wp\/v2\/pages\/35747\/revisions"}],"predecessor-version":[{"id":35769,"href":"https:\/\/www.kupaliskodiakovce.sk\/en\/wp-json\/wp\/v2\/pages\/35747\/revisions\/35769"}],"wp:attachment":[{"href":"https:\/\/www.kupaliskodiakovce.sk\/en\/wp-json\/wp\/v2\/media?parent=35747"}],"curies":[{"name":"wp","href":"https:\/\/api.w.org\/{rel}","templated":true}]}}